{"id":3,"date":"2024-02-02T11:09:00","date_gmt":"2024-02-02T14:09:00","guid":{"rendered":"http:\/\/dev.cinte.com.br\/?page_id=3"},"modified":"2024-02-17T21:55:46","modified_gmt":"2024-02-18T00:55:46","slug":"politica-de-privacidade","status":"publish","type":"page","link":"https:\/\/dev.cinte.com.br\/?page_id=3","title":{"rendered":"Pol\u00edtica de privacidade"},"content":{"rendered":"<section class=\"kc-elm kc-css-715681 kc_row\"><div class=\"kc-row-container  kc-container\"><div class=\"kc-wrap-columns\"><div class=\"kc-elm kc-css-589008 kc_col-sm-12 kc_column kc_col-sm-12\"><div class=\"kc-col-container\"><div class=\"kc-elm kc-css-877649 kc_text_block\"><h2>Quem somos<\/h2>\n<p><!-- \/wp:post-content --><!-- wp:paragraph --><\/p>\n<p>O endere\u00e7o do nosso site \u00e9: http:\/\/cinte-com-br.preview-domain.com.<\/p>\n<p><!-- \/wp:paragraph --><!-- wp:heading --><\/p>\n<h2><strong>Coleta de Informa\u00e7\u00f5es<\/strong><\/h2>\n<p><!-- \/wp:heading --><!-- wp:paragraph --><\/p>\n<p>Coletamos informa\u00e7\u00f5es pessoais fornecidas por voc\u00ea durante o processo de registro ou assinatura dos nossos servi\u00e7os. Isso pode incluir seu nome, endere\u00e7o, e-mail, n\u00famero de telefone e informa\u00e7\u00f5es de pagamento.<\/p>\n<p><!-- \/wp:paragraph --><!-- wp:heading --><\/p>\n<h2><strong>Uso das Informa\u00e7\u00f5es<\/strong><\/h2>\n<p><!-- \/wp:heading --><!-- wp:paragraph --><\/p>\n<p>Utilizamos suas informa\u00e7\u00f5es pessoais para fornecer, manter, proteger e melhorar nossos servi\u00e7os de internet, bem como para nos comunicarmos com voc\u00ea sobre sua conta e quaisquer atualiza\u00e7\u00f5es ou altera\u00e7\u00f5es nos nossos servi\u00e7os.<\/p>\n<p><!-- \/wp:paragraph --><!-- wp:heading --><\/p>\n<h2><strong>Prote\u00e7\u00e3o de Dados<\/strong><\/h2>\n<p><!-- \/wp:heading --><!-- wp:paragraph --><\/p>\n<p>Implementamos medidas de seguran\u00e7a para proteger suas informa\u00e7\u00f5es pessoais contra acesso n\u00e3o autorizado, altera\u00e7\u00e3o, divulga\u00e7\u00e3o ou destrui\u00e7\u00e3o. Isso inclui a criptografia de dados sens\u00edveis e o monitoramento cont\u00ednuo dos nossos sistemas.<\/p>\n<p><!-- \/wp:paragraph --><!-- wp:heading --><\/p>\n<h2><strong>Compartilhamento de Informa\u00e7\u00f5es<\/strong><\/h2>\n<p><!-- \/wp:heading --><!-- wp:paragraph --><\/p>\n<p>N\u00e3o compartilhamos suas informa\u00e7\u00f5es pessoais com terceiros, exceto quando necess\u00e1rio para fornecer nossos servi\u00e7os ou cumprir com obriga\u00e7\u00f5es legais. Sempre obtemos seu consentimento antes de compartilhar suas informa\u00e7\u00f5es com terceiros.<\/p>\n<p><!-- \/wp:paragraph --><!-- wp:paragraph --><\/p>\n<p><!-- \/wp:paragraph --><!-- wp:heading --><\/p>\n<h2><strong>Cookies e Tecnologias Semelhantes<\/strong><\/h2>\n<p><!-- \/wp:heading --><!-- wp:paragraph --><\/p>\n<p>Utilizamos cookies e outras tecnologias de rastreamento para personalizar sua experi\u00eancia, analisar o uso do site e fornecer publicidade direcionada. Voc\u00ea pode controlar o uso de cookies nas configura\u00e7\u00f5es do seu navegador.<\/p>\n<p><!-- \/wp:paragraph --><!-- wp:heading --><\/p>\n<h2><strong>Direitos do Usu\u00e1rio<\/strong><\/h2>\n<p><!-- \/wp:heading --><!-- wp:paragraph --><\/p>\n<p>Voc\u00ea tem o direito de acessar, corrigir, atualizar ou excluir suas informa\u00e7\u00f5es pessoais a qualquer momento. Se desejar exercer esses direitos ou tiver alguma d\u00favida sobre nossa pol\u00edtica de privacidade, entre em contato conosco.<\/p>\n<p><!-- \/wp:paragraph --><!-- wp:heading --><\/p>\n<p><!-- \/wp:heading --><\/p>\n<\/div><\/div><\/div><\/div><\/div><\/section>","protected":false},"excerpt":{"rendered":"","protected":false},"author":1,"featured_media":0,"parent":0,"menu_order":0,"comment_status":"closed","ping_status":"closed","template":"","meta":{"footnotes":""},"class_list":["post-3","page","type-page","status-publish","hentry"],"_links":{"self":[{"href":"https:\/\/dev.cinte.com.br\/index.php?rest_route=\/wp\/v2\/pages\/3","targetHints":{"allow":["GET"]}}],"collection":[{"href":"https:\/\/dev.cinte.com.br\/index.php?rest_route=\/wp\/v2\/pages"}],"about":[{"href":"https:\/\/dev.cinte.com.br\/index.php?rest_route=\/wp\/v2\/types\/page"}],"author":[{"embeddable":true,"href":"https:\/\/dev.cinte.com.br\/index.php?rest_route=\/wp\/v2\/users\/1"}],"replies":[{"embeddable":true,"href":"https:\/\/dev.cinte.com.br\/index.php?rest_route=%2Fwp%2Fv2%2Fcomments&post=3"}],"version-history":[{"count":5,"href":"https:\/\/dev.cinte.com.br\/index.php?rest_route=\/wp\/v2\/pages\/3\/revisions"}],"predecessor-version":[{"id":2775,"href":"https:\/\/dev.cinte.com.br\/index.php?rest_route=\/wp\/v2\/pages\/3\/revisions\/2775"}],"wp:attachment":[{"href":"https:\/\/dev.cinte.com.br\/index.php?rest_route=%2Fwp%2Fv2%2Fmedia&parent=3"}],"curies":[{"name":"wp","href":"https:\/\/api.w.org\/{rel}","templated":true}]}}