{"id":2171,"date":"2016-12-05T01:27:10","date_gmt":"2016-12-05T01:27:10","guid":{"rendered":"http:\/\/demoapus-wp.com\/noanet\/?page_id=2171"},"modified":"2024-02-16T10:59:09","modified_gmt":"2024-02-16T13:59:09","slug":"pricing-plans","status":"publish","type":"page","link":"https:\/\/dev.cinte.com.br\/?page_id=2171","title":{"rendered":"Planos"},"content":{"rendered":"<p><section class=\"kc-elm kc-css-119120 kc_row\"><div class=\"kc-row-container  kc-container\"><div class=\"kc-wrap-columns\"><div class=\"kc-elm kc-css-246103 kc_col-sm-12 kc_column kc_col-sm-12\"><div class=\"kc-col-container\"><div class=\"kc-elm kc-css-6436 hidden-sm hidden-xs\" style=\"height: 59px; clear: both; width:100%;\"><\/div><div class=\"kc-elm kc-css-977631 kc_row kc_row_inner\"><div class=\"kc-elm kc-css-242426 kc_col-sm-2 kc_column_inner kc_col-sm-2\"><div class=\"kc_wrapper kc-col-inner-container\"><\/div><\/div><div class=\"kc-elm kc-css-153343 kc_col-sm-8 kc_column_inner kc_col-sm-8\"><div class=\"kc_wrapper kc-col-inner-container\">\n<div class=\"kc-elm kc-css-590182 kc-title-wrap   dark\">\n\n\t<div class=\"title-wrapper\" ><h3 class=\"kc_title\"><span>PLANOS DE INTERNET<\/span> PARA EMPRESAS<\/h3><\/div>\n<\/div>\n<div class=\"kc-elm kc-css-114104\" style=\"height: 20px; clear: both; width:100%;\"><\/div><div data-open-on-mouseover=\"\" data-tab-active=\"1\" data-effect-option=\"\" class=\"kc-elm kc-css-148389 kc_tabs group\">\n\t<div class=\"kc_wrapper ui-tabs kc_clearfix\">\n\t\t<ul class=\"kc_tabs_nav ui-tabs-nav kc_clearfix\">\n\t\t\t<li><a href=\"#\" data-prevent=\"scroll\">Link Dedicado<\/a><\/li><li><a href=\"#\" data-prevent=\"scroll\">Banda Larga Corporativa<\/a><\/li><li><a href=\"#\" data-prevent=\"scroll\">Link para ISP<\/a><\/li>\t\t<\/ul>\n\t\t<div id=\"link-dedicado\" class=\"kc-elm kc-css-570923 kc_tab ui-tabs-panel kc_ui-tabs-hide kc_clearfix \"><div class=\"kc_tab_content\"><div class=\"kc-elm kc-css-529464 kc_text_block\"><\/p>\n<p>Nossos planos de Link Dedicado oferecem uma conex\u00e3o confi\u00e1vel e de alta velocidade, especialmente projetada para atender \u00e0s necessidades das empresas. Com velocidades escal\u00e1veis e garantidas, sua empresa ter\u00e1 acesso \u00e0 internet de qualidade premium, garantindo uma comunica\u00e7\u00e3o eficiente e fluxo de trabalho ininterrupto. Al\u00e9m disso, nossos servi\u00e7os de Link Dedicado incluem suporte t\u00e9cnico especializado 24\/7, garantindo que sua empresa esteja sempre conectada.<!--more--><\/p>\n<p>\n<\/div><\/div><\/div><div id=\"banda-larga-corporativa\" class=\"kc-elm kc-css-655324 kc_tab ui-tabs-panel kc_ui-tabs-hide kc_clearfix \"><div class=\"kc_tab_content\"><div class=\"kc-elm kc-css-846445 kc_text_block\"><\/p>\n<p>A Banda Larga Corporativa da CINTE RN \u00e9 projetada para fornecer conectividade r\u00e1pida e confi\u00e1vel para empresas de todos os tamanhos. Com planos flex\u00edveis e escal\u00e1veis, sua empresa pode escolher a velocidade e o volume de dados que melhor atendam \u00e0s suas necessidades espec\u00edficas. Nossos servi\u00e7os de Banda Larga Corporativa tamb\u00e9m incluem recursos avan\u00e7ados de seguran\u00e7a e suporte t\u00e9cnico proativo, garantindo uma experi\u00eancia de internet segura e est\u00e1vel para sua empresa.<!--more--><\/p>\n<p>\n<\/div><\/div><\/div><div id=\"link-para-isp\" class=\"kc-elm kc-css-637414 kc_tab ui-tabs-panel kc_ui-tabs-hide kc_clearfix \"><div class=\"kc_tab_content\"><div class=\"kc-elm kc-css-905866 kc_text_block\"><\/p>\n<p>Para provedores de internet (ISP) que buscam uma solu\u00e7\u00e3o de conectividade robusta e confi\u00e1vel, a CINTE RN oferece planos de Link para ISP especialmente adaptados \u00e0s necessidades do seu neg\u00f3cio. Com conex\u00f5es de alta capacidade e baixa lat\u00eancia, nossos servi\u00e7os de Link para ISP permitem que voc\u00ea ofere\u00e7a uma experi\u00eancia de internet de qualidade superior aos seus clientes. Al\u00e9m disso, nossa equipe t\u00e9cnica especializada est\u00e1 dispon\u00edvel para oferecer suporte cont\u00ednuo e assist\u00eancia t\u00e9cnica sempre que necess\u00e1rio.<!--more--><\/p>\n<p>\n<\/div><\/div><\/div>\t<\/div>\n<\/div>\n\n\n<\/div><\/div><div class=\"kc-elm kc-css-330696 kc_col-sm-2 kc_column_inner kc_col-sm-2\"><div class=\"kc_wrapper kc-col-inner-container\"><\/div><\/div><\/div><div class=\"kc-elm kc-css-903057\" style=\"height: 39px; clear: both; width:100%;\"><\/div><div class=\"kc-elm kc-css-537926\" style=\"height: 102px; clear: both; width:100%;\"><\/div><\/div><\/div><\/div><\/div><\/section><section class=\"kc-elm kc-css-68943 kc_row\"><div class=\"kc-row-container  kc-container\"><div class=\"kc-wrap-columns\"><div class=\"kc-elm kc-css-920303 kc_col-sm-12 kc_column kc_col-sm-12\"><div class=\"kc-col-container\"><div class=\"kc-elm kc-css-351346\" style=\"height: 99px; clear: both; width:100%;\"><\/div><div class=\"kc-elm kc-css-355457 kc_row kc_row_inner\"><div class=\"kc-elm kc-css-357805 kc_col-sm-2 kc_column_inner kc_col-sm-2\"><div class=\"kc_wrapper kc-col-inner-container\"><\/div><\/div><div class=\"kc-elm kc-css-397059 kc_col-sm-8 kc_column_inner kc_col-sm-8\"><div class=\"kc_wrapper kc-col-inner-container\">\n<div class=\"kc-elm kc-css-542827 kc-title-wrap   lighting\">\n\n\t<div class=\"title-wrapper\" ><h3 class=\"kc_title\">ESCOLHA SEU PLANO<\/h3><\/div>\n<\/div>\n<div class=\"kc-elm kc-css-403711\" style=\"height: 20px; clear: both; width:100%;\"><\/div><div class=\"kc-elm kc-css-485464 kc_text_block\"><\/p>\n<p>Na CINTE RN, oferecemos solu\u00e7\u00f5es de internet corporativa confi\u00e1veis e de alta qualidade para impulsionar o sucesso do seu neg\u00f3cio. Entre em contato conosco para conhecer nossos planos e descubra como podemos ajudar sua empresa a atingir seu potencial online.<\/p>\n<p>\n<\/div><\/div><\/div><div class=\"kc-elm kc-css-462726 kc_col-sm-2 kc_column_inner kc_col-sm-2\"><div class=\"kc_wrapper kc-col-inner-container\"><\/div><\/div><\/div><div class=\"kc-elm kc-css-997042\" style=\"height: 39px; clear: both; width:100%;\"><\/div><div class=\"kc-elm kc-css-378754 kc_row kc_row_inner\"><div class=\"kc-elm kc-css-147790 kc_col-sm-4 kc_column_inner kc_col-sm-4\"><div class=\"kc_wrapper kc-col-inner-container\">    <div class=\"widget widget-product-package products transparent \">\n\t    <div class=\"widget-content woocommerce\">\n\t    \t\t\t\t\t\t\t\t\t\t<div class=\"clearfix\">\n\t\t\t\t\t\t<div class=\"product-block-pricing \">\r\n        <div class=\"block-inner-header\">\r\n        <div class=\"wrapper-header\">\r\n            <h3 class=\"name\">Link Dedicado<\/h3>\r\n            <div class=\"excerpt\"><p>\t\t\t\t50 MB\t\t<\/p>\n<\/div>\r\n        <\/div>\r\n        <div class=\"wrapper-pricing\">\r\n            \n\t<span class=\"price\"><span class=\"woocommerce-Price-amount amount\"><bdi><span class=\"woocommerce-Price-currencySymbol\">&#36;<\/span>700.00<\/bdi><\/span><\/span>\n        <\/div>\r\n    <\/div>\r\n    <div class=\"block-inner-content\">\r\n        \n<ul>\n<li>SLA de 8 horas  <\/li>\n<li>100% de garantia de banda   <\/li>\n<li>99,5% de disponibilidade   <\/li>\n<li>IP fixo   <\/li>\n<\/ul>\n    <\/div>\r\n    <div class=\"groups-button clearfix\">\r\n        <\/a><div class=\"add-cart\"><a href=\"?add-to-cart=2266\" data-quantity=\"1\" class=\"button product_type_simple add_to_cart_button ajax_add_to_cart product_type_simple\" data-product_id=\"2266\" data-product_sku=\"\" aria-label=\"Add to cart: &ldquo;Link Dedicado&rdquo;\" aria-describedby=\"\" rel=\"nofollow\"><span class=\"title-cart\">Add to cart<\/span><\/a><\/div>    <\/div>\r\n<\/div>\t\t\t\t\t<\/div>\n\t\t\t\t\t\t\t\t    <\/div>\n\t<\/div>\n\t<\/div><\/div><div class=\"kc-elm kc-css-809148 kc_col-sm-4 kc-animate-delay-150 kc_column_inner kc_col-sm-4\"><div class=\"kc_wrapper kc-col-inner-container\">    <div class=\"widget widget-product-package products transparent \">\n\t    <div class=\"widget-content woocommerce\">\n\t    \t\t\t\t\t\t\t\t\t\t<div class=\"clearfix\">\n\t\t\t\t\t\t<div class=\"product-block-pricing \">\r\n        <div class=\"block-inner-header\">\r\n        <div class=\"wrapper-header\">\r\n            <h3 class=\"name\">LINK DEDICADO<\/h3>\r\n            <div class=\"excerpt\"><p>\t\t\t\t100 MB\t\t<\/p>\n<\/div>\r\n        <\/div>\r\n        <div class=\"wrapper-pricing\">\r\n            \n\t<span class=\"price\"><span class=\"woocommerce-Price-amount amount\"><bdi><span class=\"woocommerce-Price-currencySymbol\">&#36;<\/span>849.00<\/bdi><\/span><\/span>\n        <\/div>\r\n    <\/div>\r\n    <div class=\"block-inner-content\">\r\n        \n<ul>\n<li>SLA de 8 horas  <\/li>\n<li>100% de garantia de banda   <\/li>\n<li>99,5% de disponibilidade   <\/li>\n<li>IP fixo   <\/li>\n<\/ul>\n    <\/div>\r\n    <div class=\"groups-button clearfix\">\r\n        <\/a><div class=\"add-cart\"><a href=\"?add-to-cart=2265\" data-quantity=\"1\" class=\"button product_type_simple add_to_cart_button ajax_add_to_cart product_type_simple\" data-product_id=\"2265\" data-product_sku=\"\" aria-label=\"Add to cart: &ldquo;LINK DEDICADO&rdquo;\" aria-describedby=\"\" rel=\"nofollow\"><span class=\"title-cart\">Add to cart<\/span><\/a><\/div>    <\/div>\r\n<\/div>\t\t\t\t\t<\/div>\n\t\t\t\t\t\t\t\t    <\/div>\n\t<\/div>\n\t<\/div><\/div><div class=\"kc-elm kc-css-930264 kc_col-sm-4 kc-animate-delay-150 kc_column_inner kc_col-sm-4\"><div class=\"kc_wrapper kc-col-inner-container\">    <div class=\"widget widget-product-package products transparent \">\n\t    <div class=\"widget-content woocommerce\">\n\t    \t\t\t\t\t\t\t\t\t\t<div class=\"clearfix\">\n\t\t\t\t\t\t<div class=\"product-block-pricing \">\r\n        <div class=\"block-inner-header\">\r\n        <div class=\"wrapper-header\">\r\n            <h3 class=\"name\">Link dedicado<\/h3>\r\n            <div class=\"excerpt\"><p>\t\t\t\t200 MB\t\t<\/p>\n<\/div>\r\n        <\/div>\r\n        <div class=\"wrapper-pricing\">\r\n            \n\t<span class=\"price\"><span class=\"woocommerce-Price-amount amount\"><bdi><span class=\"woocommerce-Price-currencySymbol\">&#36;<\/span>1,399.00<\/bdi><\/span><\/span>\n        <\/div>\r\n    <\/div>\r\n    <div class=\"block-inner-content\">\r\n        \n<ul>\n<li>SLA de 8 horas  <\/li>\n<li>100% de garantia de banda   <\/li>\n<li>99,5% de disponibilidade   <\/li>\n<li>IP fixo   <\/li>\n<\/ul>\n    <\/div>\r\n    <div class=\"groups-button clearfix\">\r\n        <\/a><div class=\"add-cart\"><a href=\"?add-to-cart=2264\" data-quantity=\"1\" class=\"button product_type_simple add_to_cart_button ajax_add_to_cart product_type_simple\" data-product_id=\"2264\" data-product_sku=\"\" aria-label=\"Add to cart: &ldquo;Link dedicado&rdquo;\" aria-describedby=\"\" rel=\"nofollow\"><span class=\"title-cart\">Add to cart<\/span><\/a><\/div>    <\/div>\r\n<\/div>\t\t\t\t\t<\/div>\n\t\t\t\t\t\t\t\t    <\/div>\n\t<\/div>\n\t<\/div><\/div><\/div><div class=\"kc-elm kc-css-309893\" style=\"height: 251px; clear: both; width:100%;\"><\/div><\/div><\/div><\/div><\/div><\/section><section class=\"kc-elm kc-css-17880 kc_row\"><div class=\"kc-row-container\"><div class=\"kc-wrap-columns\"><div class=\"kc-elm kc-css-569262 kc_col-sm-12 kc_column kc_col-sm-12\"><div class=\"kc-col-container\"><div class=\"kc-elm kc-css-113558 kc_row kc_row_inner\"><div class=\"kc-elm kc-css-755232 kc_col-sm-4 kc_column_inner kc_col-sm-4\"><div class=\"kc_wrapper kc-col-inner-container\">    <div class=\"widget widget-product-package products image \">\n\t    <div class=\"widget-content woocommerce\">\n\t    \t \n\t\t    \t\t\t\t\t\t<div class=\"product-block-pricing \">\n        <div class=\"block-inner-header\">\n        <div class=\"wrapper-header\">\n            <h3 class=\"name\">PERSONAL<\/h3>\n            <div class=\"excerpt\"><p>\t\t\t\tCouncil Plan\t\t<\/p>\n<\/div>\n        <\/div>\n         <div class=\"thumbnail-wrapper\">\n            <img decoding=\"async\" width=\"198\" height=\"172\" src=\"https:\/\/dev.cinte.com.br\/wp-content\/uploads\/2017\/06\/pricing-icon1.png\" class=\"attachment-full size-full wp-post-image\" alt=\"\" \/>        <\/div>\n        <div class=\"wrapper-pricing\">\n            \n\t<span class=\"price\"><span class=\"woocommerce-Price-amount amount\"><bdi><span class=\"woocommerce-Price-currencySymbol\">&#36;<\/span>22.00<\/bdi><\/span><\/span>\n        <\/div>\n    <\/div>\n    <div class=\"block-inner-content\">\n        <ul>\n<li>80 GB Data Limit<\/li>\n<li> Unlimited Bandwidth<\/li>\n<li> 4 + 8 MBPS Speed<\/li>\n<li>Free 5GB Night Data <\/li>\n<\/ul>\n    <\/div>\n    <div class=\"groups-button clearfix\">\n        <\/a><div class=\"add-cart\"><a href=\"?add-to-cart=2268\" data-quantity=\"1\" class=\"button product_type_simple add_to_cart_button ajax_add_to_cart product_type_simple\" data-product_id=\"2268\" data-product_sku=\"\" aria-label=\"Add to cart: &ldquo;PERSONAL&rdquo;\" aria-describedby=\"\" rel=\"nofollow\"><span class=\"title-cart\">Add to cart<\/span><\/a><\/div>    <\/div>\n<\/div>\t\t\t\t\t\t\t\t    <\/div>\n\t<\/div>\n\t<\/div><\/div><div class=\"kc-elm kc-css-725720 kc_col-sm-4 kc-animate-delay-200 kc_column_inner kc_col-sm-4\"><div class=\"kc_wrapper kc-col-inner-container\">    <div class=\"widget widget-product-package products image feature\">\n\t    <div class=\"widget-content woocommerce\">\n\t    \t \n\t\t    \t\t\t\t\t\t<div class=\"product-block-pricing \">\n                <div class=\"label\"><span>BEST SELLER<\/span><\/div>\n        <div class=\"block-inner-header\">\n        <div class=\"wrapper-header\">\n            <h3 class=\"name\">ENTERPRISE<\/h3>\n            <div class=\"excerpt\"><p>\t\t\t\tSilver Plan\t\t<\/p>\n<\/div>\n        <\/div>\n         <div class=\"thumbnail-wrapper\">\n            <img decoding=\"async\" width=\"194\" height=\"186\" src=\"https:\/\/dev.cinte.com.br\/wp-content\/uploads\/2017\/06\/pricing-icon2.png\" class=\"attachment-full size-full wp-post-image\" alt=\"\" \/>        <\/div>\n        <div class=\"wrapper-pricing\">\n            \n\t<span class=\"price\"><span class=\"woocommerce-Price-amount amount\"><bdi><span class=\"woocommerce-Price-currencySymbol\">&#36;<\/span>46.00<\/bdi><\/span><\/span>\n        <\/div>\n    <\/div>\n    <div class=\"block-inner-content\">\n        <ul>\n<li>120 GB Data Limit   <\/li>\n<li>Unlimited Bandwidth   <\/li>\n<li>8 + 8 MBPS Speed      <\/li>\n<li>Free 8GB Night Data    <\/li>\n<\/ul>\n    <\/div>\n    <div class=\"groups-button clearfix\">\n        <\/a><div class=\"add-cart\"><a href=\"?add-to-cart=2272\" data-quantity=\"1\" class=\"button product_type_simple add_to_cart_button ajax_add_to_cart product_type_simple\" data-product_id=\"2272\" data-product_sku=\"\" aria-label=\"Add to cart: &ldquo;ENTERPRISE&rdquo;\" aria-describedby=\"\" rel=\"nofollow\"><span class=\"title-cart\">Add to cart<\/span><\/a><\/div>    <\/div>\n<\/div>\t\t\t\t\t\t\t\t    <\/div>\n\t<\/div>\n\t<\/div><\/div><div class=\"kc-elm kc-css-233448 kc_col-sm-4 kc-animate-delay-400 kc_column_inner kc_col-sm-4\"><div class=\"kc_wrapper kc-col-inner-container\">    <div class=\"widget widget-product-package products image \">\n\t    <div class=\"widget-content woocommerce\">\n\t    \t \n\t\t    \t\t\t\t\t\t<div class=\"product-block-pricing \">\n        <div class=\"block-inner-header\">\n        <div class=\"wrapper-header\">\n            <h3 class=\"name\">BUSINESS<\/h3>\n            <div class=\"excerpt\"><p>\t\t\t\tGold Plan\t\t<\/p>\n<\/div>\n        <\/div>\n         <div class=\"thumbnail-wrapper\">\n            <img decoding=\"async\" width=\"197\" height=\"157\" src=\"https:\/\/dev.cinte.com.br\/wp-content\/uploads\/2017\/06\/pricing-icon3.png\" class=\"attachment-full size-full wp-post-image\" alt=\"\" \/>        <\/div>\n        <div class=\"wrapper-pricing\">\n            \n\t<span class=\"price\"><span class=\"woocommerce-Price-amount amount\"><bdi><span class=\"woocommerce-Price-currencySymbol\">&#36;<\/span>79.00<\/bdi><\/span><\/span>\n        <\/div>\n    <\/div>\n    <div class=\"block-inner-content\">\n        <ul>\n<li>200 GB Data Limit<\/li>\n<li> Unlimited Bandwidth<\/li>\n<li> 8 + 10 MBPS Speed<\/li>\n<li>Free 15GB Night Data<\/li>\n<\/ul>\n    <\/div>\n    <div class=\"groups-button clearfix\">\n        <\/a><div class=\"add-cart\"><a href=\"?add-to-cart=2273\" data-quantity=\"1\" class=\"button product_type_simple add_to_cart_button ajax_add_to_cart product_type_simple\" data-product_id=\"2273\" data-product_sku=\"\" aria-label=\"Add to cart: &ldquo;BUSINESS&rdquo;\" aria-describedby=\"\" rel=\"nofollow\"><span class=\"title-cart\">Add to cart<\/span><\/a><\/div>    <\/div>\n<\/div>\t\t\t\t\t\t\t\t    <\/div>\n\t<\/div>\n\t<\/div><\/div><\/div><\/div><\/div><\/div><\/div><\/section><\/p>\n","protected":false},"excerpt":{"rendered":"<p>Nossos planos de Link Dedicado oferecem uma conex\u00e3o confi\u00e1vel e de alta velocidade, especialmente projetada para atender \u00e0s necessidades das empresas. Com velocidades escal\u00e1veis e garantidas, sua empresa ter\u00e1 acesso \u00e0 internet de qualidade premium, garantindo uma comunica\u00e7\u00e3o eficiente e fluxo de trabalho ininterrupto. Al\u00e9m disso, nossos servi\u00e7os de Link Dedicado incluem suporte t\u00e9cnico especializado &hellip; <br \/><a href=\"https:\/\/dev.cinte.com.br\/?product=business\" class=\"more-link\">Continue reading <span class=\"screen-reader-text\">BUSINESS<\/span><\/a><\/p>\n","protected":false},"author":1,"featured_media":0,"parent":0,"menu_order":0,"comment_status":"closed","ping_status":"closed","template":"","meta":{"footnotes":""},"class_list":["post-2171","page","type-page","status-publish","hentry"],"_links":{"self":[{"href":"https:\/\/dev.cinte.com.br\/index.php?rest_route=\/wp\/v2\/pages\/2171","targetHints":{"allow":["GET"]}}],"collection":[{"href":"https:\/\/dev.cinte.com.br\/index.php?rest_route=\/wp\/v2\/pages"}],"about":[{"href":"https:\/\/dev.cinte.com.br\/index.php?rest_route=\/wp\/v2\/types\/page"}],"author":[{"embeddable":true,"href":"https:\/\/dev.cinte.com.br\/index.php?rest_route=\/wp\/v2\/users\/1"}],"replies":[{"embeddable":true,"href":"https:\/\/dev.cinte.com.br\/index.php?rest_route=%2Fwp%2Fv2%2Fcomments&post=2171"}],"version-history":[{"count":12,"href":"https:\/\/dev.cinte.com.br\/index.php?rest_route=\/wp\/v2\/pages\/2171\/revisions"}],"predecessor-version":[{"id":2708,"href":"https:\/\/dev.cinte.com.br\/index.php?rest_route=\/wp\/v2\/pages\/2171\/revisions\/2708"}],"wp:attachment":[{"href":"https:\/\/dev.cinte.com.br\/index.php?rest_route=%2Fwp%2Fv2%2Fmedia&parent=2171"}],"curies":[{"name":"wp","href":"https:\/\/api.w.org\/{rel}","templated":true}]}}