{"id":1892,"date":"2016-09-28T07:20:31","date_gmt":"2016-09-28T07:20:31","guid":{"rendered":"http:\/\/demoapus-wp.com\/noanet\/?page_id=1892"},"modified":"2024-02-20T13:17:48","modified_gmt":"2024-02-20T16:17:48","slug":"fqa","status":"publish","type":"page","link":"https:\/\/dev.cinte.com.br\/?page_id=1892","title":{"rendered":"Quem Somos"},"content":{"rendered":"<section class=\"kc-elm kc-css-816826 kc_row\"><div class=\"kc-row-container  kc-container\"><div class=\"kc-wrap-columns\"><div class=\"kc-elm kc-css-898801 kc_col-sm-12 kc_column kc_col-sm-12\"><div class=\"kc-col-container\"><div class=\"kc-elm kc-css-397152 kc_row kc_row_inner\"><div class=\"kc-elm kc-css-854280 kc_col-sm-12 kc_column_inner kc_col-sm-12\"><div class=\"kc_wrapper kc-col-inner-container\"><div class=\"kc-elm kc-css-541892 hidden-sm hidden-xs\" style=\"height: 50px; clear: both; width:100%;\"><\/div>\n<div class=\"kc-elm kc-css-280469 kc-title-wrap  left dark\">\n\n\t<div class=\"title-wrapper\" ><h3 class=\"kc_title\"><span>CINTE RN -<\/span> Conectando Voc\u00ea ao Futuro!<\/h3><\/div>\n<\/div>\n<div class=\"kc-elm kc-css-443354\" style=\"height: 20px; clear: both; width:100%;\"><\/div><div class=\"kc-elm kc-css-402454 hidden-sm hidden-xs\" style=\"height: 39px; clear: both; width:100%;\"><\/div><\/div><\/div><\/div><div class=\"kc-elm kc-css-378311 kc_row kc_row_inner\"><div class=\"kc-elm kc-css-174269 kc_col-sm-12 kc_column_inner kc_col-sm-12\"><div class=\"kc_wrapper kc-col-inner-container\"><div class=\"kc-elm kc-css-865279 kc_accordion_wrapper\">\n<div class=\"kc-elm kc-css-317622 kc_accordion_section group \"><h3 class=\"kc_accordion_header ui-accordion-header\"><span class=\"ui-accordion-header-icon ui-icon\"><\/span><a href=\"#quem-somos-nos\" data-prevent=\"scroll\"><i class=\"\"><\/i> Quem Somos N\u00f3s?<\/a><\/h3><div class=\"kc_accordion_content ui-accordion-content kc_clearfix\"><div class=\"kc-panel-body\"><div class=\"kc-elm kc-css-168307 kc_text_block\"><\/p>\n<div class=\"tab-content\">\n<div class=\"description\">Seja bem-vindo \u00e0 CINTE RN, sua porta de entrada para um mundo de conex\u00e3o r\u00e1pida, confi\u00e1vel e inovadora. Desde nossa funda\u00e7\u00e3o em 2005, estamos comprometidos em fornecer servi\u00e7os de tecnologia da informa\u00e7\u00e3o e telecomunica\u00e7\u00f5es de primeira linha para os moradores e empresas de Natal\/RN e regi\u00e3o.<\/div>\n<div>\n<div class=\"col-md-4\">\n<ul>\n<li>Links de internet que possuem seguran\u00e7a contra ataques DDOS.<\/li>\n<li>Empresa 100% potiguar.<\/li>\n<\/ul>\n<\/div>\n<div class=\"col-md-4\">\n<ul>\n<li><span style=\"font-weight: 400;\">Data Center Pr\u00f3prio.<\/span><\/li>\n<li><span style=\"font-weight: 400;\">Equipe t\u00e9cnica pronta para atender todo o RN.<\/span><\/li>\n<\/ul>\n<\/div>\n<div class=\"col-md-4\">\u00a0<\/div>\n<\/div>\n<\/div>\n<p>\n<\/div><\/div><\/div><\/div><\/div>\n<div class=\"kc-elm kc-css-845643\" style=\"height: 10px; clear: both; width:100%;\"><\/div><div class=\"kc-elm kc-css-928994 kc_accordion_wrapper\">\n<div class=\"kc-elm kc-css-716346 kc_accordion_section group \"><h3 class=\"kc_accordion_header ui-accordion-header\"><span class=\"ui-accordion-header-icon ui-icon\"><\/span><a href=\"#a-abrangencia-da-cinte\" data-prevent=\"scroll\"><i class=\"\"><\/i>  A Abrang\u00eancia da CINTE<\/a><\/h3><div class=\"kc_accordion_content ui-accordion-content kc_clearfix\"><div class=\"kc-panel-body\"><div class=\"kc-elm kc-css-243152 kc_text_block\"><\/p>\n<p><span style=\"font-style: inherit;\"><img decoding=\"async\" class=\"alignleft\" src=\"http:\/\/cinte-com-br.preview-domain.com\/wp-content\/uploads\/2024\/02\/Captura-de-tela-2024-02-08-100427-2.png\" alt=\"\" width=\"230\" height=\"143\" \/>A CINTE RN orgulhosamente estende sua presen\u00e7a para as 20 maiores cidades do estado do Rio Grande do Norte, garantindo conectividade confi\u00e1vel e de alta velocidade em \u00e1reas urbanas e suburbanas. Al\u00e9m disso, nossos servi\u00e7os alcan\u00e7am mais de 80 instala\u00e7\u00f5es em todo o estado, incluindo torres, repetidoras e pontos de presen\u00e7a estrategicamente localizados para garantir uma cobertura abrangente. Com um total de 104 cidades cobertas diretamente por nossos servi\u00e7os e mais de 167 cidades no estado, a CINTE RN est\u00e1 comprometida em levar a melhor conectividade poss\u00edvel a todas as comunidades, desde os centros urbanos at\u00e9 as \u00e1reas mais remotas. Essa extensa rede de infraestrutura nos permite oferecer solu\u00e7\u00f5es de internet e telecomunica\u00e7\u00f5es que atendam \u00e0s necessidades de resid\u00eancias, empresas e institui\u00e7\u00f5es em todo o Rio Grande do Norte, conectando pessoas e impulsionando o progresso em toda a regi\u00e3o.<\/span><\/p>\n<p>\n<\/div><\/div><\/div><\/div><\/div>\n<div class=\"kc-elm kc-css-172028 kc_accordion_wrapper\">\n<\/div>\n<div class=\"kc-elm kc-css-169711\" style=\"height: 10px; clear: both; width:100%;\"><\/div><div class=\"kc-elm kc-css-384835 kc_accordion_wrapper\">\n<div class=\"kc-elm kc-css-86459 kc_accordion_section group \"><h3 class=\"kc_accordion_header ui-accordion-header\"><span class=\"ui-accordion-header-icon ui-icon\"><\/span><a href=\"#atendimento-ao-cliente-na-cinte\" data-prevent=\"scroll\"><i class=\"\"><\/i> Atendimento ao Cliente na CINTE<\/a><\/h3><div class=\"kc_accordion_content ui-accordion-content kc_clearfix\"><div class=\"kc-panel-body\"><div class=\"kc-elm kc-css-934297 kc_text_block\"><\/p>\n<p><img decoding=\"async\" class=\"alignleft\" src=\"http:\/\/cinte-com-br.preview-domain.com\/wp-content\/uploads\/2024\/02\/Captura-de-tela-2024-02-08-101417.png\" alt=\"\" width=\"234\" height=\"174\" \/><\/p>\n<p>Na CINTE, reconhecemos que o cliente \u00e9 a prioridade m\u00e1xima. Nosso compromisso \u00e9 oferecer um atendimento excepcional, baseado na empatia, presteza e personaliza\u00e7\u00e3o. Estamos sempre dispon\u00edveis atrav\u00e9s de uma variedade de canais de atendimento, prontos para resolver problemas de forma eficiente e utilizar uma linguagem adequada para garantir uma comunica\u00e7\u00e3o clara. Na ess\u00eancia, nosso objetivo \u00e9 fazer com que cada cliente se sinta valorizado e bem cuidado em todas as intera\u00e7\u00f5es.<\/p>\n<p>\n<\/div><\/div><\/div><\/div><\/div>\n<div class=\"kc-elm kc-css-537825\" style=\"height: 10px; clear: both; width:100%;\"><\/div><div class=\"kc-elm kc-css-184325 kc_accordion_wrapper\">\n<div class=\"kc-elm kc-css-350203 kc_accordion_section group \"><h3 class=\"kc_accordion_header ui-accordion-header\"><span class=\"ui-accordion-header-icon ui-icon\"><\/span><a href=\"#esclarecimentos\" data-prevent=\"scroll\"><i class=\"\"><\/i> Esclarecimentos<\/a><\/h3><div class=\"kc_accordion_content ui-accordion-content kc_clearfix\"><div class=\"kc-panel-body\"><div class=\"kc-elm kc-css-739483 kc_text_block\"><\/p>\n<div class=\"tab-content\">\n<div class=\"description\">A CINTE oferece solu\u00e7\u00f5es completas em comunica\u00e7\u00f5es para o mercado corporativo e est\u00e1 \u00e0 disposi\u00e7\u00e3o para esclarecer d\u00favidas adicionais.<\/div>\n<div class=\"row\">\n<div class=\"col-md-4\">\n<ul>\n<li>Profissionais e infraestrutura de alto n\u00edvel.<\/li>\n<li>Portf\u00f3lio diversificado de solu\u00e7\u00f5es tecnol\u00f3gicas.<\/li>\n<\/ul>\n<\/div>\n<div class=\"col-md-4\">\n<ul>\n<li>Atendimento personalizado \u00e0s necessidades dos clientes.<\/li>\n<li>Clareza nos objetivos e escopo dos servi\u00e7os.<\/li>\n<\/ul>\n<\/div>\n<div class=\"col-md-4\">\n<ul>\n<li>Disposi\u00e7\u00e3o para discutir quest\u00f5es espec\u00edficas do projeto.<\/li>\n<li>Compromisso em superar expectativas.<\/li>\n<\/ul>\n<\/div>\n<\/div>\n<\/div>\n<p>\n<\/div><\/div><\/div><\/div><\/div>\n<\/div><\/div><\/div><div class=\"kc-elm kc-css-733773 hidden-sm hidden-xs\" style=\"height: 70px; clear: both; width:100%;\"><\/div><\/div><\/div><\/div><\/div><\/section>\n","protected":false},"excerpt":{"rendered":"","protected":false},"author":1,"featured_media":0,"parent":0,"menu_order":0,"comment_status":"closed","ping_status":"closed","template":"","meta":{"footnotes":""},"class_list":["post-1892","page","type-page","status-publish","hentry"],"_links":{"self":[{"href":"https:\/\/dev.cinte.com.br\/index.php?rest_route=\/wp\/v2\/pages\/1892","targetHints":{"allow":["GET"]}}],"collection":[{"href":"https:\/\/dev.cinte.com.br\/index.php?rest_route=\/wp\/v2\/pages"}],"about":[{"href":"https:\/\/dev.cinte.com.br\/index.php?rest_route=\/wp\/v2\/types\/page"}],"author":[{"embeddable":true,"href":"https:\/\/dev.cinte.com.br\/index.php?rest_route=\/wp\/v2\/users\/1"}],"replies":[{"embeddable":true,"href":"https:\/\/dev.cinte.com.br\/index.php?rest_route=%2Fwp%2Fv2%2Fcomments&post=1892"}],"version-history":[{"count":5,"href":"https:\/\/dev.cinte.com.br\/index.php?rest_route=\/wp\/v2\/pages\/1892\/revisions"}],"predecessor-version":[{"id":2776,"href":"https:\/\/dev.cinte.com.br\/index.php?rest_route=\/wp\/v2\/pages\/1892\/revisions\/2776"}],"wp:attachment":[{"href":"https:\/\/dev.cinte.com.br\/index.php?rest_route=%2Fwp%2Fv2%2Fmedia&parent=1892"}],"curies":[{"name":"wp","href":"https:\/\/api.w.org\/{rel}","templated":true}]}}